{"id":2403,"date":"2022-09-09T14:43:59","date_gmt":"2022-09-09T18:43:59","guid":{"rendered":"https:\/\/britishinstitute.cl\/?post_type=product&#038;p=2403"},"modified":"2025-10-10T02:04:23","modified_gmt":"2025-10-10T06:04:23","slug":"pre-a1-starters-cambridge","status":"publish","type":"product","link":"https:\/\/britishinstitute.cl\/en\/producto\/pre-a1-starters-cambridge\/","title":{"rendered":"CAMBRIDGE PRE A1 STARTERS"},"content":{"rendered":"<p><strong>Pre A1 Starters\u00a0es el primero de los tres ex\u00e1menes dise\u00f1ados para los m\u00e1s peque\u00f1os<em>.<\/em>Toda\u00a0esta gama de ex\u00e1menes, con sus tres versiones, ayudan a los ni\u00f1os a iniciar su camino en el aprendizaje del ingl\u00e9s de forma divertida y son un excelente medio para que adquieran confianza y mejoren su ingl\u00e9s.<\/strong><\/p>\n<p><strong>Las pruebas est\u00e1n redactadas en torno a temas que resulten familiares y se centran en las destrezas que son necesarias para comunicarse en ingl\u00e9s de manera efectiva, es decir, comprensi\u00f3n auditiva (<em>Listening<\/em>), expresi\u00f3n oral (<em>Speaking<\/em>), comprensi\u00f3n de lectura (<em>Reading<\/em>) y expresi\u00f3n escrita (<em>Writing<\/em>).<\/strong><\/p>\n<p>&nbsp;<\/p>\n","protected":false},"excerpt":{"rendered":"<h1><a href=\"https:\/\/www.cambridgeenglish.org\/es\/exams-and-tests\/young-learners-english\/starters\/preparation\/\">PRE A1 STARTERS<\/a><\/h1>\n<h4>Certificaci\u00f3n de Ingl\u00e9s introductorio para ni\u00f1os. 24 y 25 de octubre.<\/h4>\n<p>&nbsp;<\/p>\n","protected":false},"featured_media":2416,"comment_status":"open","ping_status":"closed","template":"","meta":[],"product_brand":[],"product_cat":[42,43],"product_tag":[],"class_list":{"0":"post-2403","1":"product","2":"type-product","3":"status-publish","4":"has-post-thumbnail","6":"product_cat-certificaciones-inter","7":"product_cat-young-learners-cambridge","9":"first","10":"instock","11":"virtual","12":"purchasable","13":"product-type-simple"},"_links":{"self":[{"href":"https:\/\/britishinstitute.cl\/en\/wp-json\/wp\/v2\/product\/2403","targetHints":{"allow":["GET"]}}],"collection":[{"href":"https:\/\/britishinstitute.cl\/en\/wp-json\/wp\/v2\/product"}],"about":[{"href":"https:\/\/britishinstitute.cl\/en\/wp-json\/wp\/v2\/types\/product"}],"replies":[{"embeddable":true,"href":"https:\/\/britishinstitute.cl\/en\/wp-json\/wp\/v2\/comments?post=2403"}],"wp:featuredmedia":[{"embeddable":true,"href":"https:\/\/britishinstitute.cl\/en\/wp-json\/wp\/v2\/media\/2416"}],"wp:attachment":[{"href":"https:\/\/britishinstitute.cl\/en\/wp-json\/wp\/v2\/media?parent=2403"}],"wp:term":[{"taxonomy":"product_brand","embeddable":true,"href":"https:\/\/britishinstitute.cl\/en\/wp-json\/wp\/v2\/product_brand?post=2403"},{"taxonomy":"product_cat","embeddable":true,"href":"https:\/\/britishinstitute.cl\/en\/wp-json\/wp\/v2\/product_cat?post=2403"},{"taxonomy":"product_tag","embeddable":true,"href":"https:\/\/britishinstitute.cl\/en\/wp-json\/wp\/v2\/product_tag?post=2403"}],"curies":[{"name":"wp","href":"https:\/\/api.w.org\/{rel}","templated":true}]}}