{"id":2425,"date":"2022-09-09T21:55:45","date_gmt":"2022-09-10T01:55:45","guid":{"rendered":"https:\/\/britishinstitute.cl\/?post_type=product&#038;p=2425"},"modified":"2025-10-10T02:03:31","modified_gmt":"2025-10-10T06:03:31","slug":"a2-flyers-cambridge","status":"publish","type":"product","link":"https:\/\/britishinstitute.cl\/en\/producto\/a2-flyers-cambridge\/","title":{"rendered":"CAMBRIDGE A2 FLYERS"},"content":{"rendered":"<h4><strong>A2 Flyers<\/strong>\u00a0es el tercero de los tres ex\u00e1menes dise\u00f1ados para ni\u00f1os. Toda\u00a0<strong>esta gama de ex\u00e1menes<\/strong>, con sus tres versiones, introducen a los ni\u00f1os en el ingl\u00e9s hablado y escrito de uso cotidiano y son un excelente medio para que adquieran confianza y mejoren su ingl\u00e9s.\u00a0Las pruebas est\u00e1n redactadas en torno a temas que resulten familiares y se centran en las destrezas que son necesarias para comunicarse en ingl\u00e9s de manera efectiva, es decir, comprensi\u00f3n auditiva (<em>Listening<\/em>), expresi\u00f3n oral (<em>Speaking<\/em>), comprensi\u00f3n de lectura (<em>Reading<\/em>) y expresi\u00f3n escrita (<em>Writing<\/em>).<\/h4>\n<p>&nbsp;<\/p>\n<p>&nbsp;<\/p>\n","protected":false},"excerpt":{"rendered":"<h1><a href=\"https:\/\/www.cambridgeenglish.org\/es\/exams-and-tests\/young-learners-english\/flyers\/preparation\/\">YOUNG LEARNERS -A2 FLYERS<\/a><\/h1>\n<h4>Certificaci\u00f3n de Ingl\u00e9s B\u00e1sico para ni\u00f1os. 24 y 25 de Octubre.<\/h4>\n<h4><\/h4>\n<p>&nbsp;<\/p>\n","protected":false},"featured_media":2426,"comment_status":"open","ping_status":"closed","template":"","meta":[],"product_brand":[],"product_cat":[42,43],"product_tag":[],"class_list":{"0":"post-2425","1":"product","2":"type-product","3":"status-publish","4":"has-post-thumbnail","6":"product_cat-certificaciones-inter","7":"product_cat-young-learners-cambridge","9":"first","10":"instock","11":"virtual","12":"purchasable","13":"product-type-simple"},"_links":{"self":[{"href":"https:\/\/britishinstitute.cl\/en\/wp-json\/wp\/v2\/product\/2425","targetHints":{"allow":["GET"]}}],"collection":[{"href":"https:\/\/britishinstitute.cl\/en\/wp-json\/wp\/v2\/product"}],"about":[{"href":"https:\/\/britishinstitute.cl\/en\/wp-json\/wp\/v2\/types\/product"}],"replies":[{"embeddable":true,"href":"https:\/\/britishinstitute.cl\/en\/wp-json\/wp\/v2\/comments?post=2425"}],"wp:featuredmedia":[{"embeddable":true,"href":"https:\/\/britishinstitute.cl\/en\/wp-json\/wp\/v2\/media\/2426"}],"wp:attachment":[{"href":"https:\/\/britishinstitute.cl\/en\/wp-json\/wp\/v2\/media?parent=2425"}],"wp:term":[{"taxonomy":"product_brand","embeddable":true,"href":"https:\/\/britishinstitute.cl\/en\/wp-json\/wp\/v2\/product_brand?post=2425"},{"taxonomy":"product_cat","embeddable":true,"href":"https:\/\/britishinstitute.cl\/en\/wp-json\/wp\/v2\/product_cat?post=2425"},{"taxonomy":"product_tag","embeddable":true,"href":"https:\/\/britishinstitute.cl\/en\/wp-json\/wp\/v2\/product_tag?post=2425"}],"curies":[{"name":"wp","href":"https:\/\/api.w.org\/{rel}","templated":true}]}}