{"id":2430,"date":"2022-09-10T09:43:20","date_gmt":"2022-09-10T13:43:20","guid":{"rendered":"https:\/\/britishinstitute.cl\/?post_type=product&#038;p=2430"},"modified":"2025-05-06T13:27:33","modified_gmt":"2025-05-06T17:27:33","slug":"a2-key-cambridge","status":"publish","type":"product","link":"https:\/\/britishinstitute.cl\/en\/producto\/a2-key-cambridge\/","title":{"rendered":"CAMBRIDGE A2 DIGITAL"},"content":{"rendered":"<h4>La certificaci\u00f3n A2 Key prueba que puedes comunicarte en ingl\u00e9s en situaciones simples y cotidianas.<\/h4>\n<h4>El examen pone a prueba las cuatro destrezas ling\u00fc\u00edsticas en ingl\u00e9s: Comprensi\u00f3n de Lectura\u00a0<em>(Reading)<\/em>, Expresi\u00f3n Escrita\u00a0<em>(Writing)<\/em>, Comprensi\u00f3n Auditiva\u00a0<em>(Listening)<\/em>\u00a0y Expresi\u00f3n Oral\u00a0<em>(Speaking)<\/em>.<\/h4>\n<h4>Con esta titulaci\u00f3n, tendr\u00e1s la confianza necesaria para abordar ex\u00e1menes de nivel superior.<\/h4>\n<p>&nbsp;<\/p>\n<h4><\/h4>\n<p>&nbsp;<\/p>\n","protected":false},"excerpt":{"rendered":"<h1><a href=\"https:\/\/www.cambridgeenglish.org\/es\/exams-and-tests\/key\/preparation\/\">CAMBRIDGE A2 KEY<\/a><\/h1>\n<h4>Certificaci\u00f3n de Ingl\u00e9s b\u00e1sico para j\u00f3venes y adultos. 15 de diciembre 8:00\u00a0 am.<\/h4>\n<h4><\/h4>\n","protected":false},"featured_media":2260,"comment_status":"open","ping_status":"closed","template":"","meta":[],"product_brand":[],"product_cat":[44,42],"product_tag":[],"class_list":{"0":"post-2430","1":"product","2":"type-product","3":"status-publish","4":"has-post-thumbnail","6":"product_cat-adults-adolescents-cambridge","7":"product_cat-certificaciones-inter","9":"first","10":"instock","11":"sale","12":"virtual","13":"purchasable","14":"product-type-simple"},"_links":{"self":[{"href":"https:\/\/britishinstitute.cl\/en\/wp-json\/wp\/v2\/product\/2430","targetHints":{"allow":["GET"]}}],"collection":[{"href":"https:\/\/britishinstitute.cl\/en\/wp-json\/wp\/v2\/product"}],"about":[{"href":"https:\/\/britishinstitute.cl\/en\/wp-json\/wp\/v2\/types\/product"}],"replies":[{"embeddable":true,"href":"https:\/\/britishinstitute.cl\/en\/wp-json\/wp\/v2\/comments?post=2430"}],"wp:featuredmedia":[{"embeddable":true,"href":"https:\/\/britishinstitute.cl\/en\/wp-json\/wp\/v2\/media\/2260"}],"wp:attachment":[{"href":"https:\/\/britishinstitute.cl\/en\/wp-json\/wp\/v2\/media?parent=2430"}],"wp:term":[{"taxonomy":"product_brand","embeddable":true,"href":"https:\/\/britishinstitute.cl\/en\/wp-json\/wp\/v2\/product_brand?post=2430"},{"taxonomy":"product_cat","embeddable":true,"href":"https:\/\/britishinstitute.cl\/en\/wp-json\/wp\/v2\/product_cat?post=2430"},{"taxonomy":"product_tag","embeddable":true,"href":"https:\/\/britishinstitute.cl\/en\/wp-json\/wp\/v2\/product_tag?post=2430"}],"curies":[{"name":"wp","href":"https:\/\/api.w.org\/{rel}","templated":true}]}}