{"id":2432,"date":"2022-09-10T09:59:36","date_gmt":"2022-09-10T13:59:36","guid":{"rendered":"https:\/\/britishinstitute.cl\/?post_type=product&#038;p=2432"},"modified":"2025-11-01T02:45:07","modified_gmt":"2025-11-01T06:45:07","slug":"b1-preliminary-cambridge","status":"publish","type":"product","link":"https:\/\/britishinstitute.cl\/en\/producto\/b1-preliminary-cambridge\/","title":{"rendered":"CAMBRIDGE B1 DIGITAL"},"content":{"rendered":"<h4>La certificaci\u00f3n B1 Preliminary demuestra que dominas los aspectos fundamentales del ingl\u00e9s y posees las destrezas ling\u00fc\u00edsticas necesarias para un uso cotidiano.<\/h4>\n<p>&nbsp;<\/p>\n<h4><\/h4>\n<p>&nbsp;<\/p>\n","protected":false},"excerpt":{"rendered":"<h1><a href=\"https:\/\/www.cambridgeenglish.org\/es\/exams-and-tests\/preliminary\/preparation\/\">CAMBRIDGE B1 PRELIMINARY<\/a><\/h1>\n<p>Certificaci\u00f3n de Ingl\u00e9s intermedio para j\u00f3venes y adultos. 15 de diciembre 14:00<\/p>\n<h4><\/h4>\n","protected":false},"featured_media":2433,"comment_status":"open","ping_status":"closed","template":"","meta":[],"product_brand":[],"product_cat":[44,42],"product_tag":[],"class_list":{"0":"post-2432","1":"product","2":"type-product","3":"status-publish","4":"has-post-thumbnail","6":"product_cat-adults-adolescents-cambridge","7":"product_cat-certificaciones-inter","9":"first","10":"instock","11":"virtual","12":"purchasable","13":"product-type-simple"},"_links":{"self":[{"href":"https:\/\/britishinstitute.cl\/en\/wp-json\/wp\/v2\/product\/2432","targetHints":{"allow":["GET"]}}],"collection":[{"href":"https:\/\/britishinstitute.cl\/en\/wp-json\/wp\/v2\/product"}],"about":[{"href":"https:\/\/britishinstitute.cl\/en\/wp-json\/wp\/v2\/types\/product"}],"replies":[{"embeddable":true,"href":"https:\/\/britishinstitute.cl\/en\/wp-json\/wp\/v2\/comments?post=2432"}],"wp:featuredmedia":[{"embeddable":true,"href":"https:\/\/britishinstitute.cl\/en\/wp-json\/wp\/v2\/media\/2433"}],"wp:attachment":[{"href":"https:\/\/britishinstitute.cl\/en\/wp-json\/wp\/v2\/media?parent=2432"}],"wp:term":[{"taxonomy":"product_brand","embeddable":true,"href":"https:\/\/britishinstitute.cl\/en\/wp-json\/wp\/v2\/product_brand?post=2432"},{"taxonomy":"product_cat","embeddable":true,"href":"https:\/\/britishinstitute.cl\/en\/wp-json\/wp\/v2\/product_cat?post=2432"},{"taxonomy":"product_tag","embeddable":true,"href":"https:\/\/britishinstitute.cl\/en\/wp-json\/wp\/v2\/product_tag?post=2432"}],"curies":[{"name":"wp","href":"https:\/\/api.w.org\/{rel}","templated":true}]}}