{"id":2435,"date":"2022-09-10T10:13:44","date_gmt":"2022-09-10T14:13:44","guid":{"rendered":"https:\/\/britishinstitute.cl\/?post_type=product&#038;p=2435"},"modified":"2025-11-01T02:45:07","modified_gmt":"2025-11-01T06:45:07","slug":"b2-first-cambridge","status":"publish","type":"product","link":"https:\/\/britishinstitute.cl\/en\/producto\/b2-first-cambridge\/","title":{"rendered":"CAMBRIDGE B2 DIGITAL"},"content":{"rendered":"<h4>Con la titulaci\u00f3n B2 First, demuestras ante el mundo que posees las destrezas ling\u00fc\u00edsticas necesarias para vivir y trabajar de manera independiente en un pa\u00eds angloparlante, as\u00ed como, para estudiar cursos impartidos en ingl\u00e9s.<\/h4>\n<h4><\/h4>\n<p>&nbsp;<\/p>\n","protected":false},"excerpt":{"rendered":"<h1><a href=\"https:\/\/www.cambridgeenglish.org\/exams-and-tests\/first\/\">B2 FIRST<\/a><\/h1>\n<p>Certificaci\u00f3n de Ingl\u00e9s\u00a0 intermedio alto para j\u00f3venes y adultos. 17 de diciembre 8:00 am.<\/p>\n<p>&nbsp;<\/p>\n","protected":false},"featured_media":2436,"comment_status":"open","ping_status":"closed","template":"","meta":[],"product_brand":[],"product_cat":[44,42],"product_tag":[],"class_list":{"0":"post-2435","1":"product","2":"type-product","3":"status-publish","4":"has-post-thumbnail","6":"product_cat-adults-adolescents-cambridge","7":"product_cat-certificaciones-inter","9":"first","10":"instock","11":"virtual","12":"purchasable","13":"product-type-simple"},"_links":{"self":[{"href":"https:\/\/britishinstitute.cl\/en\/wp-json\/wp\/v2\/product\/2435","targetHints":{"allow":["GET"]}}],"collection":[{"href":"https:\/\/britishinstitute.cl\/en\/wp-json\/wp\/v2\/product"}],"about":[{"href":"https:\/\/britishinstitute.cl\/en\/wp-json\/wp\/v2\/types\/product"}],"replies":[{"embeddable":true,"href":"https:\/\/britishinstitute.cl\/en\/wp-json\/wp\/v2\/comments?post=2435"}],"wp:featuredmedia":[{"embeddable":true,"href":"https:\/\/britishinstitute.cl\/en\/wp-json\/wp\/v2\/media\/2436"}],"wp:attachment":[{"href":"https:\/\/britishinstitute.cl\/en\/wp-json\/wp\/v2\/media?parent=2435"}],"wp:term":[{"taxonomy":"product_brand","embeddable":true,"href":"https:\/\/britishinstitute.cl\/en\/wp-json\/wp\/v2\/product_brand?post=2435"},{"taxonomy":"product_cat","embeddable":true,"href":"https:\/\/britishinstitute.cl\/en\/wp-json\/wp\/v2\/product_cat?post=2435"},{"taxonomy":"product_tag","embeddable":true,"href":"https:\/\/britishinstitute.cl\/en\/wp-json\/wp\/v2\/product_tag?post=2435"}],"curies":[{"name":"wp","href":"https:\/\/api.w.org\/{rel}","templated":true}]}}