{"id":2438,"date":"2022-09-10T10:22:46","date_gmt":"2022-09-10T14:22:46","guid":{"rendered":"https:\/\/britishinstitute.cl\/?post_type=product&#038;p=2438"},"modified":"2025-11-01T02:45:07","modified_gmt":"2025-11-01T06:45:07","slug":"c1-advanced-cambridge","status":"publish","type":"product","link":"https:\/\/britishinstitute.cl\/en\/producto\/c1-advanced-cambridge\/","title":{"rendered":"CAMBRIDGE C1  DIGITAL"},"content":{"rendered":"<p><strong>More than 9,000 educational institutions, businesses and government departments around the world accept C1 Advanced as proof of high-level achievement in learning English.\u00a0<\/strong><\/p>\n<p><strong>Preparing for C1 Advanced helps learners develop the skills to make the most of studying, working and living in English-speaking countries.<\/strong><\/p>\n<p>&nbsp;<\/p>\n<h4><\/h4>\n<p>&nbsp;<\/p>\n","protected":false},"excerpt":{"rendered":"<h3><a href=\"https:\/\/www.cambridgeenglish.org\/exams-and-tests\/advanced\/preparation\/\">C1 ADVANCED DIGITAL<\/a><\/h3>\n<h4><strong>Certificaci\u00f3n de Ingl\u00e9s avanzado para j\u00f3venes y adultos. 18 de diciembre 8:00 am<\/strong><\/h4>\n<h4><\/h4>\n","protected":false},"featured_media":2439,"comment_status":"open","ping_status":"closed","template":"","meta":[],"product_brand":[],"product_cat":[44,42],"product_tag":[],"class_list":{"0":"post-2438","1":"product","2":"type-product","3":"status-publish","4":"has-post-thumbnail","6":"product_cat-adults-adolescents-cambridge","7":"product_cat-certificaciones-inter","9":"first","10":"instock","11":"virtual","12":"purchasable","13":"product-type-simple"},"_links":{"self":[{"href":"https:\/\/britishinstitute.cl\/en\/wp-json\/wp\/v2\/product\/2438","targetHints":{"allow":["GET"]}}],"collection":[{"href":"https:\/\/britishinstitute.cl\/en\/wp-json\/wp\/v2\/product"}],"about":[{"href":"https:\/\/britishinstitute.cl\/en\/wp-json\/wp\/v2\/types\/product"}],"replies":[{"embeddable":true,"href":"https:\/\/britishinstitute.cl\/en\/wp-json\/wp\/v2\/comments?post=2438"}],"wp:featuredmedia":[{"embeddable":true,"href":"https:\/\/britishinstitute.cl\/en\/wp-json\/wp\/v2\/media\/2439"}],"wp:attachment":[{"href":"https:\/\/britishinstitute.cl\/en\/wp-json\/wp\/v2\/media?parent=2438"}],"wp:term":[{"taxonomy":"product_brand","embeddable":true,"href":"https:\/\/britishinstitute.cl\/en\/wp-json\/wp\/v2\/product_brand?post=2438"},{"taxonomy":"product_cat","embeddable":true,"href":"https:\/\/britishinstitute.cl\/en\/wp-json\/wp\/v2\/product_cat?post=2438"},{"taxonomy":"product_tag","embeddable":true,"href":"https:\/\/britishinstitute.cl\/en\/wp-json\/wp\/v2\/product_tag?post=2438"}],"curies":[{"name":"wp","href":"https:\/\/api.w.org\/{rel}","templated":true}]}}