{"id":2441,"date":"2022-09-10T10:44:03","date_gmt":"2022-09-10T14:44:03","guid":{"rendered":"https:\/\/britishinstitute.cl\/?post_type=product&#038;p=2441"},"modified":"2025-11-01T02:45:07","modified_gmt":"2025-11-01T06:45:07","slug":"c2-proficiency-cambridge","status":"publish","type":"product","link":"https:\/\/britishinstitute.cl\/en\/producto\/c2-proficiency-cambridge\/","title":{"rendered":"CAMBRIDGE C2 DIGITAL"},"content":{"rendered":"<h4>A C2 Proficiency qualification shows the world that you have mastered English to an exceptional level. It proves you can communicate with the fluency and sophistication of a highly competent English speaker.<\/h4>\n<h4>Preparing for and passing the exam means you have the level of English that is needed to study or work in a very senior professional or academic environment, for example on a postgraduate or PhD programme.<\/h4>\n<p>&nbsp;<\/p>\n","protected":false},"excerpt":{"rendered":"<h1 style=\"text-align: left;\"><a href=\"https:\/\/www.cambridgeenglish.org\/exams-and-tests\/proficiency\/preparation\/\"><strong>\u00a0C2 PROFICIENCY<\/strong><\/a><\/h1>\n<p><strong>Certificaci\u00f3n de Ingl\u00e9s para j\u00f3venes y adultos.\u00a0 19 de diciembre 8:00 am.<\/strong><\/p>\n<p>&nbsp;<\/p>\n","protected":false},"featured_media":2442,"comment_status":"open","ping_status":"closed","template":"","meta":[],"product_brand":[],"product_cat":[44,42],"product_tag":[],"class_list":{"0":"post-2441","1":"product","2":"type-product","3":"status-publish","4":"has-post-thumbnail","6":"product_cat-adults-adolescents-cambridge","7":"product_cat-certificaciones-inter","9":"first","10":"instock","11":"virtual","12":"purchasable","13":"product-type-simple"},"_links":{"self":[{"href":"https:\/\/britishinstitute.cl\/en\/wp-json\/wp\/v2\/product\/2441","targetHints":{"allow":["GET"]}}],"collection":[{"href":"https:\/\/britishinstitute.cl\/en\/wp-json\/wp\/v2\/product"}],"about":[{"href":"https:\/\/britishinstitute.cl\/en\/wp-json\/wp\/v2\/types\/product"}],"replies":[{"embeddable":true,"href":"https:\/\/britishinstitute.cl\/en\/wp-json\/wp\/v2\/comments?post=2441"}],"wp:featuredmedia":[{"embeddable":true,"href":"https:\/\/britishinstitute.cl\/en\/wp-json\/wp\/v2\/media\/2442"}],"wp:attachment":[{"href":"https:\/\/britishinstitute.cl\/en\/wp-json\/wp\/v2\/media?parent=2441"}],"wp:term":[{"taxonomy":"product_brand","embeddable":true,"href":"https:\/\/britishinstitute.cl\/en\/wp-json\/wp\/v2\/product_brand?post=2441"},{"taxonomy":"product_cat","embeddable":true,"href":"https:\/\/britishinstitute.cl\/en\/wp-json\/wp\/v2\/product_cat?post=2441"},{"taxonomy":"product_tag","embeddable":true,"href":"https:\/\/britishinstitute.cl\/en\/wp-json\/wp\/v2\/product_tag?post=2441"}],"curies":[{"name":"wp","href":"https:\/\/api.w.org\/{rel}","templated":true}]}}