{"id":2444,"date":"2022-09-10T11:06:06","date_gmt":"2022-09-10T15:06:06","guid":{"rendered":"https:\/\/britishinstitute.cl\/?post_type=product&#038;p=2444"},"modified":"2025-11-01T02:45:07","modified_gmt":"2025-11-01T06:45:07","slug":"txt-mod1-cambridge","status":"publish","type":"product","link":"https:\/\/britishinstitute.cl\/en\/producto\/txt-mod1-cambridge\/","title":{"rendered":"Teaching Knowledge Test"},"content":{"rendered":"<h4>TKT M\u00f3dulo 1<\/h4>\n<h4>Este m\u00f3dulo eval\u00faa tu conocimiento de:<\/h4>\n<ul>\n<li>\n<h4>los t\u00e9rminos y los conceptos de la ense\u00f1anza de ingl\u00e9s;<\/h4>\n<\/li>\n<li>\n<h4>los elementos que sustentan el aprendizaje del ingl\u00e9s;<\/h4>\n<\/li>\n<li>\n<h4>los diversos materiales, tareas y actividades que pueden utilizarse en la ense\u00f1anza de ingl\u00e9s.<\/h4>\n<\/li>\n<\/ul>\n<p>&nbsp;<\/p>\n","protected":false},"excerpt":{"rendered":"<h1><a href=\"https:\/\/www.cambridgeenglish.org\/es\/teaching-english\/teaching-qualifications\/tkt\/prepare-for-tkt\/\">TKT &#8211; M\u00d3DULO 1<\/a><\/h1>\n<h4>Certificaci\u00f3n para profesores y profesionales afines al \u00e1rea de la enese\u00f1anza del Ingl\u00e9s. Viernes 20 de diciembre 15:00 hrs<\/h4>\n","protected":false},"featured_media":2445,"comment_status":"open","ping_status":"closed","template":"","meta":[],"product_brand":[],"product_cat":[42,45],"product_tag":[],"class_list":{"0":"post-2444","1":"product","2":"type-product","3":"status-publish","4":"has-post-thumbnail","6":"product_cat-certificaciones-inter","7":"product_cat-teaching-qualification","9":"first","10":"instock","11":"virtual","12":"purchasable","13":"product-type-simple"},"_links":{"self":[{"href":"https:\/\/britishinstitute.cl\/en\/wp-json\/wp\/v2\/product\/2444","targetHints":{"allow":["GET"]}}],"collection":[{"href":"https:\/\/britishinstitute.cl\/en\/wp-json\/wp\/v2\/product"}],"about":[{"href":"https:\/\/britishinstitute.cl\/en\/wp-json\/wp\/v2\/types\/product"}],"replies":[{"embeddable":true,"href":"https:\/\/britishinstitute.cl\/en\/wp-json\/wp\/v2\/comments?post=2444"}],"wp:featuredmedia":[{"embeddable":true,"href":"https:\/\/britishinstitute.cl\/en\/wp-json\/wp\/v2\/media\/2445"}],"wp:attachment":[{"href":"https:\/\/britishinstitute.cl\/en\/wp-json\/wp\/v2\/media?parent=2444"}],"wp:term":[{"taxonomy":"product_brand","embeddable":true,"href":"https:\/\/britishinstitute.cl\/en\/wp-json\/wp\/v2\/product_brand?post=2444"},{"taxonomy":"product_cat","embeddable":true,"href":"https:\/\/britishinstitute.cl\/en\/wp-json\/wp\/v2\/product_cat?post=2444"},{"taxonomy":"product_tag","embeddable":true,"href":"https:\/\/britishinstitute.cl\/en\/wp-json\/wp\/v2\/product_tag?post=2444"}],"curies":[{"name":"wp","href":"https:\/\/api.w.org\/{rel}","templated":true}]}}