{"id":2507,"date":"2022-09-29T00:09:33","date_gmt":"2022-09-29T04:09:33","guid":{"rendered":"https:\/\/britishinstitute.cl\/?post_type=product&#038;p=2507"},"modified":"2025-07-15T08:53:06","modified_gmt":"2025-07-15T12:53:06","slug":"ingles-grupal-ninos-anual","status":"publish","type":"product","link":"https:\/\/britishinstitute.cl\/en\/producto\/ingles-grupal-ninos-anual\/","title":{"rendered":"Ingl\u00e9s Ni\u00f1os Anual"},"content":{"rendered":"<p>Curso Ingl\u00e9s Ni\u00f1os Anual<\/p>\n<p>&nbsp;<\/p>\n<p><strong>NIVELES:<\/strong><\/p>\n<ul>\n<li>Pre A1\u00a0 Starters<\/li>\n<li>A1\u00a0 Movers<\/li>\n<li>A2\u00a0 Flyers<\/li>\n<\/ul>\n<p>\u2022 Texto original de Cambridge University Press.<\/p>\n","protected":false},"excerpt":{"rendered":"<p>Realiza tus clases en nuestra sede en forma presencial en Punta Arenas.<\/p>\n<p>Viernes 15.00 a 16:30 y S\u00e1bado 10:30 a 12:00 hrs<\/p>\n<p>Certif\u00edcate con nosotros:\u00a0 <a href=\"https:\/\/www.cambridgeenglish.org\/es\/exams-and-tests\/young-learners-english\/\">Cambridge Young Learners<\/a><\/p>\n","protected":false},"featured_media":2508,"comment_status":"open","ping_status":"closed","template":"","meta":[],"product_brand":[],"product_cat":[48,37],"product_tag":[],"class_list":{"0":"post-2507","1":"product","2":"type-product","3":"status-publish","4":"has-post-thumbnail","6":"product_cat-curso-anual","7":"product_cat-cursos-presenciales","9":"first","10":"instock","11":"virtual","12":"purchasable","13":"product-type-simple"},"_links":{"self":[{"href":"https:\/\/britishinstitute.cl\/en\/wp-json\/wp\/v2\/product\/2507","targetHints":{"allow":["GET"]}}],"collection":[{"href":"https:\/\/britishinstitute.cl\/en\/wp-json\/wp\/v2\/product"}],"about":[{"href":"https:\/\/britishinstitute.cl\/en\/wp-json\/wp\/v2\/types\/product"}],"replies":[{"embeddable":true,"href":"https:\/\/britishinstitute.cl\/en\/wp-json\/wp\/v2\/comments?post=2507"}],"wp:featuredmedia":[{"embeddable":true,"href":"https:\/\/britishinstitute.cl\/en\/wp-json\/wp\/v2\/media\/2508"}],"wp:attachment":[{"href":"https:\/\/britishinstitute.cl\/en\/wp-json\/wp\/v2\/media?parent=2507"}],"wp:term":[{"taxonomy":"product_brand","embeddable":true,"href":"https:\/\/britishinstitute.cl\/en\/wp-json\/wp\/v2\/product_brand?post=2507"},{"taxonomy":"product_cat","embeddable":true,"href":"https:\/\/britishinstitute.cl\/en\/wp-json\/wp\/v2\/product_cat?post=2507"},{"taxonomy":"product_tag","embeddable":true,"href":"https:\/\/britishinstitute.cl\/en\/wp-json\/wp\/v2\/product_tag?post=2507"}],"curies":[{"name":"wp","href":"https:\/\/api.w.org\/{rel}","templated":true}]}}