{"id":3042,"date":"2025-07-02T13:32:45","date_gmt":"2025-07-02T17:32:45","guid":{"rendered":"https:\/\/britishinstitute.cl\/?post_type=product&#038;p=3042"},"modified":"2025-07-09T00:20:51","modified_gmt":"2025-07-09T04:20:51","slug":"ingles-ninos-semestral","status":"publish","type":"product","link":"https:\/\/britishinstitute.cl\/en\/producto\/ingles-ninos-semestral\/","title":{"rendered":"Ingl\u00e9s Ni\u00f1os Semestral"},"content":{"rendered":"<p>Curso Ingl\u00e9s Ni\u00f1os Anual<\/p>\n<p>DESDE CERO<\/p>\n<p><strong>NIVELES:<\/strong><\/p>\n<ul>\n<li>Pre A1\u00a0 Starters<\/li>\n<\/ul>\n<p>\u2022 Texto original de Cambridge University Press.<\/p>\n","protected":false},"excerpt":{"rendered":"<p>Realiza tus clases en nuestra sede en forma presencial en Punta Arenas.<\/p>\n<p>Viernes 15.00 a 16:30 y S\u00e1bado 10:30 a 12:00 hrs<\/p>\n<p>Certif\u00edcate con nosotros:\u00a0 <a href=\"https:\/\/www.cambridgeenglish.org\/es\/exams-and-tests\/young-learners-english\/\">Cambridge Young Learners<\/a><\/p>\n","protected":false},"featured_media":3049,"comment_status":"open","ping_status":"closed","template":"","meta":[],"product_brand":[],"product_cat":[37,47],"product_tag":[],"class_list":{"0":"post-3042","1":"product","2":"type-product","3":"status-publish","4":"has-post-thumbnail","6":"product_cat-cursos-presenciales","7":"product_cat-curso-semestral","9":"first","10":"instock","11":"virtual","12":"purchasable","13":"product-type-simple"},"_links":{"self":[{"href":"https:\/\/britishinstitute.cl\/en\/wp-json\/wp\/v2\/product\/3042","targetHints":{"allow":["GET"]}}],"collection":[{"href":"https:\/\/britishinstitute.cl\/en\/wp-json\/wp\/v2\/product"}],"about":[{"href":"https:\/\/britishinstitute.cl\/en\/wp-json\/wp\/v2\/types\/product"}],"replies":[{"embeddable":true,"href":"https:\/\/britishinstitute.cl\/en\/wp-json\/wp\/v2\/comments?post=3042"}],"wp:featuredmedia":[{"embeddable":true,"href":"https:\/\/britishinstitute.cl\/en\/wp-json\/wp\/v2\/media\/3049"}],"wp:attachment":[{"href":"https:\/\/britishinstitute.cl\/en\/wp-json\/wp\/v2\/media?parent=3042"}],"wp:term":[{"taxonomy":"product_brand","embeddable":true,"href":"https:\/\/britishinstitute.cl\/en\/wp-json\/wp\/v2\/product_brand?post=3042"},{"taxonomy":"product_cat","embeddable":true,"href":"https:\/\/britishinstitute.cl\/en\/wp-json\/wp\/v2\/product_cat?post=3042"},{"taxonomy":"product_tag","embeddable":true,"href":"https:\/\/britishinstitute.cl\/en\/wp-json\/wp\/v2\/product_tag?post=3042"}],"curies":[{"name":"wp","href":"https:\/\/api.w.org\/{rel}","templated":true}]}}